{"id":9187,"date":"2020-07-14T22:42:38","date_gmt":"2020-07-14T22:42:38","guid":{"rendered":"https:\/\/www.droitlocatif.ca\/?page_id=9187"},"modified":"2020-07-14T23:05:04","modified_gmt":"2020-07-14T23:05:04","slug":"video-clips","status":"publish","type":"page","link":"https:\/\/www.droitlocatif.ca\/en\/video-clips\/","title":{"rendered":"Video clips"},"content":{"rendered":"<style type=\"text\/css\" data-type=\"vc_cmsms_shortcodes-custom-css\"><\/style><p>[vc_row full_width=&#8221;stretch_row&#8221; parallax=&#8221;content-moving-fade&#8221; parallax_image=&#8221;8808&#8243; css_animation=&#8221;none&#8221; parallax_content=&#8221;off&#8221; fadeout_row=&#8221;fadeout_row_value&#8221; fadeout_start_effect=&#8221;70&#8243; enable_overlay=&#8221;enable_overlay_value&#8221; overlay_color=&#8221;rgba(17,17,17,0.78)&#8221; seperator_enable=&#8221;off&#8221; css=&#8221;.vc_custom_1590595231486{margin-bottom: 0px !important;}&#8221;][vc_column][vc_custom_heading text=&#8221;Video clips (in french)&#8221; font_container=&#8221;tag:h2|font_size:56|text_align:center|color:%23ffffff|line_height:74px&#8221; google_fonts=&#8221;font_family:Adamina%3Aregular|font_style:400%20regular%3A400%3Anormal&#8221; css=&#8221;.vc_custom_1594767571314{margin-bottom: 15px !important;}&#8221; el_class=&#8221;titre-page&#8221;][vc_custom_heading text=&#8221;We answer your questions&#8221; font_container=&#8221;tag:h2|text_align:center|color:%23ffffff&#8221; google_fonts=&#8221;font_family:Adamina%3Aregular|font_style:400%20regular%3A400%3Anormal&#8221; css=&#8221;.vc_custom_1594767578175{padding-bottom: 30px !important;}&#8221; el_class=&#8221;sous-titre-page&#8221;][\/vc_column][\/vc_row][vc_row css=&#8221;.vc_custom_1594751804271{margin-top: 50px !important;margin-bottom: 50px !important;}&#8221;][vc_column css_animation=&#8221;none&#8221; width=&#8221;1\/2&#8243; css=&#8221;.vc_custom_1594752003371{padding-right: 20px !important;padding-left: 10px !important;}&#8221;][vc_column_text css=&#8221;.vc_custom_1594752462864{margin-bottom: 20px !important;}&#8221; el_class=&#8221;titre-video&#8221;]<\/p>\n<h4>Capsule 01 : Les recours du propri\u00e9taire en cas de refus d&#8217;acc\u00e8s au logement du locataire<\/h4>\n<p>[\/vc_column_text][vc_video link=&#8221;https:\/\/youtu.be\/H8HkFykpySs&#8221; align=&#8221;center&#8221;][vc_column_text css=&#8221;.vc_custom_1594756942832{margin-bottom: 20px !important;}&#8221; el_class=&#8221;titre-video&#8221;]<\/p>\n<h4>Capsule 03 : Si un propri\u00e9taire d\u00e9sire effectuer des travaux majeurs dans un logement, qu\u2019elle est la d\u00e9marche \u00e0 entamer aupr\u00e8s du locataire<\/h4>\n<p>[\/vc_column_text][vc_video link=&#8221;https:\/\/youtu.be\/juGHnxLkIck&#8221; align=&#8221;center&#8221;][vc_column_text css=&#8221;.vc_custom_1594756934985{margin-bottom: 20px !important;}&#8221; el_class=&#8221;titre-video&#8221;]<\/p>\n<h4>Capsule 05 : Quels sont les recours d\u2019un propri\u00e9taire lorsqu&#8217;un locataire livre un logement endommag\u00e9 au terme du bail?<\/h4>\n<p>[\/vc_column_text][vc_video link=&#8221;https:\/\/youtu.be\/UjZ6DOyzYcg&#8221; align=&#8221;center&#8221;][vc_column_text css=&#8221;.vc_custom_1594756926753{margin-bottom: 20px !important;}&#8221; el_class=&#8221;titre-video&#8221;]<\/p>\n<h4>Capsule 07 : Advenant qu&#8217;un logement n\u00e9cessite des travaux majeurs, est-ce qu&#8217;un locataire peut engager lui-m\u00eame un entrepreneur et transmettre la facture au proprio?<\/h4>\n<p>[\/vc_column_text][vc_video link=&#8221;https:\/\/youtu.be\/nSyHEoRt_HM&#8221; align=&#8221;center&#8221;][vc_column_text css=&#8221;.vc_custom_1594756911239{margin-bottom: 20px !important;}&#8221; el_class=&#8221;titre-video&#8221;]<\/p>\n<h4>Capsule 09 : Les recours du propri\u00e9taire en cas de plainte de bruit excessif \u00e0 r\u00e9p\u00e9tition<\/h4>\n<p>[\/vc_column_text][vc_video link=&#8221;https:\/\/youtu.be\/g48xQr7dJiI&#8221; align=&#8221;center&#8221;][vc_column_text css=&#8221;.vc_custom_1594756904804{margin-bottom: 20px !important;}&#8221; el_class=&#8221;titre-video&#8221;]<\/p>\n<h4>Capsule 11 : Le r\u00f4le de l\u2019huissier dans un litige immobilier entre un propri\u00e9taire et un locataire<\/h4>\n<p>[\/vc_column_text][vc_video link=&#8221;https:\/\/youtu.be\/_g00ze7A0bM&#8221; align=&#8221;center&#8221;][vc_column_text css=&#8221;.vc_custom_1594756891605{margin-bottom: 20px !important;}&#8221; el_class=&#8221;titre-video&#8221;]<\/p>\n<h4>Capsule 13 : L&#8217;importance de valider l&#8217;identit\u00e9 d&#8217;un nouveau locataire<\/h4>\n<p>[\/vc_column_text][vc_video link=&#8221;https:\/\/youtu.be\/H_JIBNey5Qk&#8221; align=&#8221;center&#8221;][vc_column_text css=&#8221;.vc_custom_1594756897385{margin-bottom: 20px !important;}&#8221; el_class=&#8221;titre-video&#8221;]<\/p>\n<h4>Capsule 15 : Quels sont les recours d&#8217;un propri\u00e9taire lorsqu&#8217;un locataire effectue de l\u2019Airbnb dans un de ses logements?<\/h4>\n<p>[\/vc_column_text][vc_video link=&#8221;https:\/\/youtu.be\/lHih9gNuO7k&#8221; align=&#8221;center&#8221;][vc_column_text css=&#8221;.vc_custom_1594756853559{margin-bottom: 20px !important;}&#8221; el_class=&#8221;titre-video&#8221;]<\/p>\n<h4>Capsule 17 : Quelles sont les conditions qui emp\u00eachent un propri\u00e9taire d&#8217;\u00e9vincer un locataire?<\/h4>\n<p>[\/vc_column_text][vc_video link=&#8221;https:\/\/youtu.be\/i_zYNzsg8Zg&#8221; align=&#8221;center&#8221;][vc_column_text css=&#8221;.vc_custom_1594756844476{margin-bottom: 20px !important;}&#8221; el_class=&#8221;titre-video&#8221;]<\/p>\n<h4>Capsule 19 : La r\u00e9gie du logement r\u00e9glemente les augmentations de loyer, vrai ou faux?<\/h4>\n<p>[\/vc_column_text][vc_video link=&#8221;https:\/\/youtu.be\/dfKFG3RewXc&#8221; align=&#8221;center&#8221;][vc_column_text css=&#8221;.vc_custom_1594756828243{margin-bottom: 20px !important;}&#8221; el_class=&#8221;titre-video&#8221;]<\/p>\n<h4>Capsule 21 : Dans quel contexte un propri\u00e9taire peut-il imposer une augmentation de loyer sans contestation possible de la part du locataire?<\/h4>\n<p>[\/vc_column_text][vc_video link=&#8221;https:\/\/youtu.be\/kD6BwS3eAZ4&#8243; align=&#8221;center&#8221;][vc_column_text css=&#8221;.vc_custom_1594756762117{margin-bottom: 20px !important;}&#8221; el_class=&#8221;titre-video&#8221;]<\/p>\n<h4>Capsule 24 : Que doit faire un propri\u00e9taire qui souhaite transf\u00e9rer la charge d&#8217;\u00e9nergie \u00e0 un locataire?<\/h4>\n<p>[\/vc_column_text][vc_video link=&#8221;https:\/\/youtu.be\/_2vc6_Yy188&#8243; align=&#8221;center&#8221;][vc_column_text css=&#8221;.vc_custom_1594757571390{margin-bottom: 20px !important;}&#8221;]<\/p>\n<h4>Capsule 26 : Pr\u00e9sentation<\/h4>\n<p>[\/vc_column_text][vc_video link=&#8221;https:\/\/youtu.be\/LvHPBAw0U5E&#8221; align=&#8221;center&#8221;][\/vc_column][vc_column css_animation=&#8221;none&#8221; width=&#8221;1\/2&#8243; css=&#8221;.vc_custom_1594752008450{padding-right: 20px !important;padding-left: 10px !important;}&#8221;][vc_column_text css=&#8221;.vc_custom_1594752467768{margin-bottom: 20px !important;}&#8221; el_class=&#8221;titre-video&#8221;]<\/p>\n<h4>Capsule 02 : Les d\u00e9lais de pr\u00e9avis requis par le propri\u00e9taire pour acc\u00e9der au logement du locataire<\/h4>\n<p>[\/vc_column_text][vc_video link=&#8221;https:\/\/youtu.be\/2WtGlQQdEHc&#8221; align=&#8221;center&#8221;][vc_column_text css=&#8221;.vc_custom_1594752472451{margin-bottom: 20px !important;}&#8221; el_class=&#8221;titre-video&#8221;]<\/p>\n<h4>Capsule 04 : \u00c0 quel moment un propri\u00e9taire peut-il modifier les r\u00e8glements en vigueur dans son immeuble?<\/h4>\n<p>[\/vc_column_text][vc_video link=&#8221;https:\/\/youtu.be\/d-_KVtzJz_A&#8221; align=&#8221;center&#8221;][vc_column_text css=&#8221;.vc_custom_1594756608686{margin-bottom: 20px !important;}&#8221; el_class=&#8221;titre-video&#8221;]<\/p>\n<h4>Capsule 06 : Dans le cas d&#8217;une infestation de punaises de lit, qui doit payer les frais d&#8217;exterminateur, le propri\u00e9taire ou le locataire?<\/h4>\n<p>[\/vc_column_text][vc_video link=&#8221;https:\/\/youtu.be\/1xw1W6jQj8s&#8221; align=&#8221;center&#8221;][vc_column_text css=&#8221;.vc_custom_1594756638142{margin-bottom: 20px !important;}&#8221; el_class=&#8221;titre-video&#8221;]<\/p>\n<h4>Capsule 08 : Quels motifs un propri\u00e9taire peut-il invoquer pour refuser de louer un logement \u00e0 un locataire?<\/h4>\n<p>[\/vc_column_text][vc_video link=&#8221;https:\/\/youtu.be\/gOc1QaDs05w&#8221; align=&#8221;center&#8221;][vc_column_text css=&#8221;.vc_custom_1594756644657{margin-bottom: 20px !important;}&#8221; el_class=&#8221;titre-video&#8221;]<\/p>\n<h4>Capsule 10 : Est-ce qu&#8217;un propri\u00e9taire peut exiger un d\u00e9p\u00f4t de garantie?<\/h4>\n<p>[\/vc_column_text][vc_video link=&#8221;https:\/\/youtu.be\/l4QDNnXlCRQ&#8221; align=&#8221;center&#8221;][vc_column_text css=&#8221;.vc_custom_1594756649618{margin-bottom: 20px !important;}&#8221; el_class=&#8221;titre-video&#8221;]<\/p>\n<h4>Capsule 12 : \u00c0 partir de quel moment un propri\u00e9taire peut-il ouvrir un dossier \u00e0 la r\u00e9gie pour non-paiement du loyer?<\/h4>\n<p>[\/vc_column_text][vc_video link=&#8221;https:\/\/youtu.be\/1GRN68aahWc&#8221; align=&#8221;center&#8221;][vc_column_text css=&#8221;.vc_custom_1594756653918{margin-bottom: 20px !important;}&#8221; el_class=&#8221;titre-video&#8221;]<\/p>\n<h4>Capsule 14 : Quels sont les recours du propri\u00e9taire lorsqu&#8217;une personne non-inscrite au bail cause des probl\u00e8mes \u00e0 r\u00e9p\u00e9tition dans un logement?<\/h4>\n<p>[\/vc_column_text][vc_video link=&#8221;https:\/\/youtu.be\/smZ_37exs7o&#8221; align=&#8221;center&#8221;][vc_column_text css=&#8221;.vc_custom_1594756658931{margin-bottom: 20px !important;}&#8221; el_class=&#8221;titre-video&#8221;]<\/p>\n<h4>Capsule 16 : L&#8217;importance pour un propri\u00e9taire que les locataires d\u00e9tiennent une assurance habitation<\/h4>\n<p>[\/vc_column_text][vc_video link=&#8221;https:\/\/youtu.be\/UibHXjbVg1s&#8221; align=&#8221;center&#8221;][vc_column_text css=&#8221;.vc_custom_1594756663373{margin-bottom: 20px !important;}&#8221; el_class=&#8221;titre-video&#8221;]<\/p>\n<h4>Capsule 18 : Les motifs valables pour justifier une \u00e9viction du locataire par le propri\u00e9taire<\/h4>\n<p>[\/vc_column_text][vc_video link=&#8221;https:\/\/youtu.be\/n8lJqbpUVus&#8221; align=&#8221;center&#8221;][vc_column_text css=&#8221;.vc_custom_1594756668041{margin-bottom: 20px !important;}&#8221; el_class=&#8221;titre-video&#8221;]<\/p>\n<h4>Capsule 20 : Les recours du propri\u00e9taire en cas d&#8217;insalubrit\u00e9 dans un logement<\/h4>\n<p>[\/vc_column_text][vc_video link=&#8221;https:\/\/youtu.be\/XBWKvVUqEd8&#8243; align=&#8221;center&#8221;][vc_column_text css=&#8221;.vc_custom_1594756672220{margin-bottom: 20px !important;}&#8221; el_class=&#8221;titre-video&#8221;]<\/p>\n<h4>Capsule 22 : En cas de d\u00e9part subit d\u2019un locataire, quels sont les recours du propri\u00e9taire?<\/h4>\n<p>[\/vc_column_text][vc_video link=&#8221;https:\/\/youtu.be\/WzF4wgwYnF4&#8243; align=&#8221;center&#8221;][vc_column_text css=&#8221;.vc_custom_1594756681489{margin-bottom: 20px !important;}&#8221; el_class=&#8221;titre-video&#8221;]<\/p>\n<h4>Capsule 25 : Est-ce qu&#8217;un propri\u00e9taire peut imposer la hausse d&#8217;un loyer en change de services?<\/h4>\n<p>[\/vc_column_text][vc_video link=&#8221;https:\/\/youtu.be\/0cvY3W2PO-M&#8221; align=&#8221;center&#8221;][\/vc_column][\/vc_row][vc_row full_width=&#8221;stretch_row&#8221; gap=&#8221;30&#8243; css=&#8221;.vc_custom_1590615713714{border-top-width: 1px !important;padding-top: 70px !important;padding-bottom: 20px !important;background-color: #E0E0E0 !important;border-top-color: #dddddd !important;border-top-style: solid !important;}&#8221;][vc_column css_animation=&#8221;fadeInLeftBig&#8221; width=&#8221;1\/4&#8243; css=&#8221;.vc_custom_1590615733816{padding-top: 0px !important;padding-bottom: 0px !important;}&#8221; offset=&#8221;vc_hidden-sm&#8221;][vc_custom_heading text=&#8221;Latest chronicles&#8221; font_container=&#8221;tag:h1|font_size:38px|text_align:left|line_height:40px&#8221; use_theme_fonts=&#8221;yes&#8221; css=&#8221;.vc_custom_1594349770100{padding-top: 0px !important;}&#8221;][vc_column_text css=&#8221;.vc_custom_1594349822591{margin-top: 0px !important;}&#8221;]Consult our chronicles to stay up to date with the latest news on rental and real estate law.[\/vc_column_text][vc_column_text css=&#8221;.vc_custom_1594349927321{margin-top: -5px !important;}&#8221;]<\/p>\n<ul>\n<li><a href=\"\/en\/category\/rental-law\/\"><strong>Rental law<\/strong><\/a><\/li>\n<li><a href=\"\/en\/category\/real-estate-law\/\"><strong>Real estate law<\/strong><\/a><\/li>\n<\/ul>\n<p>[\/vc_column_text][\/vc_column][vc_column css_animation=&#8221;fadeInRightBig&#8221; css=&#8221;.vc_custom_1590615825561{margin-top: 0px !important;padding-top: 0px !important;padding-bottom: 0px !important;}&#8221; offset=&#8221;vc_col-md-9&#8243;][vc_basic_grid post_type=&#8221;post&#8221; max_items=&#8221;3&#8243; item=&#8221;2249&#8243; grid_id=&#8221;vc_gid:1594767560523-bec2fa06-929f-9&#8243; css=&#8221;.vc_custom_1533721521192{padding-top: 0px !important;}&#8221; taxonomies=&#8221;2, 3, 4, 5, 6&#8243;][\/vc_column][\/vc_row]<\/p>\n","protected":false},"excerpt":{"rendered":"<p>[vc_row full_width=&#8221;stretch_row&#8221; parallax=&#8221;content-moving-fade&#8221; parallax_image=&#8221;8808&#8243; css_animation=&#8221;none&#8221; parallax_content=&#8221;off&#8221; fadeout_row=&#8221;fadeout_row_value&#8221; fadeout_start_effect=&#8221;70&#8243; enable_overlay=&#8221;enable_overlay_value&#8221; overlay_color=&#8221;rgba(17,17,17,0.78)&#8221; seperator_enable=&#8221;off&#8221; css=&#8221;.vc_custom_1590595231486{margin-bottom: 0px !important;}&#8221;][vc_column][vc_custom_heading text=&#8221;Video clips (in french)&#8221; font_container=&#8221;tag:h2|font_size:56|text_align:center|color:%23ffffff|line_height:74px&#8221; google_fonts=&#8221;font_family:Adamina%3Aregular|font_style:400%20regular%3A400%3Anormal&#8221; css=&#8221;.vc_custom_1594767571314{margin-bottom: 15px !important;}&#8221; el_class=&#8221;titre-page&#8221;][vc_custom_heading text=&#8221;We answer your questions&#8221; font_container=&#8221;tag:h2|text_align:center|color:%23ffffff&#8221; google_fonts=&#8221;font_family:Adamina%3Aregular|font_style:400%20regular%3A400%3Anormal&#8221; css=&#8221;.vc_custom_1594767578175{padding-bottom: 30px !important;}&#8221; el_class=&#8221;sous-titre-page&#8221;][\/vc_column][\/vc_row][vc_row css=&#8221;.vc_custom_1594751804271{margin-top: 50px !important;margin-bottom: 50px !important;}&#8221;][vc_column css_animation=&#8221;none&#8221; width=&#8221;1\/2&#8243; css=&#8221;.vc_custom_1594752003371{padding-right: 20px !important;padding-left: 10px !important;}&#8221;][vc_column_text css=&#8221;.vc_custom_1594752462864{margin-bottom: 20px !important;}&#8221; el_class=&#8221;titre-video&#8221;] Capsule 01 : Les recours&#8230;<\/p>\n","protected":false},"author":1,"featured_media":0,"parent":0,"menu_order":0,"comment_status":"closed","ping_status":"closed","template":"","meta":[],"yoast_head":"<!-- This site is optimized with the Yoast SEO plugin v19.8 - https:\/\/yoast.com\/wordpress\/plugins\/seo\/ -->\n<title>Video clips - Droit Locatif<\/title>\n<meta name=\"robots\" content=\"index, follow, max-snippet:-1, max-image-preview:large, max-video-preview:-1\" \/>\n<link rel=\"canonical\" href=\"https:\/\/www.droitlocatif.ca\/en\/video-clips\/\" \/>\n<meta property=\"og:locale\" content=\"en_US\" \/>\n<meta property=\"og:type\" content=\"article\" \/>\n<meta property=\"og:title\" content=\"Video clips - Droit Locatif\" \/>\n<meta property=\"og:description\" content=\"[vc_row full_width=&#8221;stretch_row&#8221; parallax=&#8221;content-moving-fade&#8221; parallax_image=&#8221;8808&#8243; css_animation=&#8221;none&#8221; parallax_content=&#8221;off&#8221; fadeout_row=&#8221;fadeout_row_value&#8221; fadeout_start_effect=&#8221;70&#8243; enable_overlay=&#8221;enable_overlay_value&#8221; overlay_color=&#8221;rgba(17,17,17,0.78)&#8221; seperator_enable=&#8221;off&#8221; css=&#8221;.vc_custom_1590595231486{margin-bottom: 0px !important;}&#8221;][vc_column][vc_custom_heading text=&#8221;Video clips (in french)&#8221; font_container=&#8221;tag:h2|font_size:56|text_align:center|color:%23ffffff|line_height:74px&#8221; google_fonts=&#8221;font_family:Adamina%3Aregular|font_style:400%20regular%3A400%3Anormal&#8221; css=&#8221;.vc_custom_1594767571314{margin-bottom: 15px !important;}&#8221; el_class=&#8221;titre-page&#8221;][vc_custom_heading text=&#8221;We answer your questions&#8221; font_container=&#8221;tag:h2|text_align:center|color:%23ffffff&#8221; google_fonts=&#8221;font_family:Adamina%3Aregular|font_style:400%20regular%3A400%3Anormal&#8221; css=&#8221;.vc_custom_1594767578175{padding-bottom: 30px !important;}&#8221; el_class=&#8221;sous-titre-page&#8221;][\/vc_column][\/vc_row][vc_row css=&#8221;.vc_custom_1594751804271{margin-top: 50px !important;margin-bottom: 50px !important;}&#8221;][vc_column css_animation=&#8221;none&#8221; width=&#8221;1\/2&#8243; css=&#8221;.vc_custom_1594752003371{padding-right: 20px !important;padding-left: 10px !important;}&#8221;][vc_column_text css=&#8221;.vc_custom_1594752462864{margin-bottom: 20px !important;}&#8221; el_class=&#8221;titre-video&#8221;] Capsule 01 : Les recours...\" \/>\n<meta property=\"og:url\" content=\"https:\/\/www.droitlocatif.ca\/en\/video-clips\/\" \/>\n<meta property=\"og:site_name\" content=\"Droit Locatif\" \/>\n<meta property=\"article:modified_time\" content=\"2020-07-14T23:05:04+00:00\" \/>\n<meta name=\"twitter:card\" content=\"summary_large_image\" \/>\n<meta name=\"twitter:label1\" content=\"Est. reading time\" \/>\n\t<meta name=\"twitter:data1\" content=\"7 minutes\" \/>\n<script type=\"application\/ld+json\" class=\"yoast-schema-graph\">{\"@context\":\"https:\/\/schema.org\",\"@graph\":[{\"@type\":\"WebPage\",\"@id\":\"https:\/\/www.droitlocatif.ca\/en\/video-clips\/\",\"url\":\"https:\/\/www.droitlocatif.ca\/en\/video-clips\/\",\"name\":\"Video clips - Droit Locatif\",\"isPartOf\":{\"@id\":\"https:\/\/www.droitlocatif.ca\/#website\"},\"datePublished\":\"2020-07-14T22:42:38+00:00\",\"dateModified\":\"2020-07-14T23:05:04+00:00\",\"breadcrumb\":{\"@id\":\"https:\/\/www.droitlocatif.ca\/en\/video-clips\/#breadcrumb\"},\"inLanguage\":\"en-US\",\"potentialAction\":[{\"@type\":\"ReadAction\",\"target\":[\"https:\/\/www.droitlocatif.ca\/en\/video-clips\/\"]}]},{\"@type\":\"BreadcrumbList\",\"@id\":\"https:\/\/www.droitlocatif.ca\/en\/video-clips\/#breadcrumb\",\"itemListElement\":[{\"@type\":\"ListItem\",\"position\":1,\"name\":\"Accueil\",\"item\":\"https:\/\/www.droitlocatif.ca\/en\/\"},{\"@type\":\"ListItem\",\"position\":2,\"name\":\"Video clips\"}]},{\"@type\":\"WebSite\",\"@id\":\"https:\/\/www.droitlocatif.ca\/#website\",\"url\":\"https:\/\/www.droitlocatif.ca\/\",\"name\":\"Droit Locatif\",\"description\":\"Nous pratiquons principalement dans le domaine des relations propri\u00e9taires-locataires et en droit immobilier.\",\"potentialAction\":[{\"@type\":\"SearchAction\",\"target\":{\"@type\":\"EntryPoint\",\"urlTemplate\":\"https:\/\/www.droitlocatif.ca\/?s={search_term_string}\"},\"query-input\":\"required name=search_term_string\"}],\"inLanguage\":\"en-US\"}]}<\/script>\n<!-- \/ Yoast SEO plugin. -->","yoast_head_json":{"title":"Video clips - Droit Locatif","robots":{"index":"index","follow":"follow","max-snippet":"max-snippet:-1","max-image-preview":"max-image-preview:large","max-video-preview":"max-video-preview:-1"},"canonical":"https:\/\/www.droitlocatif.ca\/en\/video-clips\/","og_locale":"en_US","og_type":"article","og_title":"Video clips - Droit Locatif","og_description":"[vc_row full_width=&#8221;stretch_row&#8221; parallax=&#8221;content-moving-fade&#8221; parallax_image=&#8221;8808&#8243; css_animation=&#8221;none&#8221; parallax_content=&#8221;off&#8221; fadeout_row=&#8221;fadeout_row_value&#8221; fadeout_start_effect=&#8221;70&#8243; enable_overlay=&#8221;enable_overlay_value&#8221; overlay_color=&#8221;rgba(17,17,17,0.78)&#8221; seperator_enable=&#8221;off&#8221; css=&#8221;.vc_custom_1590595231486{margin-bottom: 0px !important;}&#8221;][vc_column][vc_custom_heading text=&#8221;Video clips (in french)&#8221; font_container=&#8221;tag:h2|font_size:56|text_align:center|color:%23ffffff|line_height:74px&#8221; google_fonts=&#8221;font_family:Adamina%3Aregular|font_style:400%20regular%3A400%3Anormal&#8221; css=&#8221;.vc_custom_1594767571314{margin-bottom: 15px !important;}&#8221; el_class=&#8221;titre-page&#8221;][vc_custom_heading text=&#8221;We answer your questions&#8221; font_container=&#8221;tag:h2|text_align:center|color:%23ffffff&#8221; google_fonts=&#8221;font_family:Adamina%3Aregular|font_style:400%20regular%3A400%3Anormal&#8221; css=&#8221;.vc_custom_1594767578175{padding-bottom: 30px !important;}&#8221; el_class=&#8221;sous-titre-page&#8221;][\/vc_column][\/vc_row][vc_row css=&#8221;.vc_custom_1594751804271{margin-top: 50px !important;margin-bottom: 50px !important;}&#8221;][vc_column css_animation=&#8221;none&#8221; width=&#8221;1\/2&#8243; css=&#8221;.vc_custom_1594752003371{padding-right: 20px !important;padding-left: 10px !important;}&#8221;][vc_column_text css=&#8221;.vc_custom_1594752462864{margin-bottom: 20px !important;}&#8221; el_class=&#8221;titre-video&#8221;] Capsule 01 : Les recours...","og_url":"https:\/\/www.droitlocatif.ca\/en\/video-clips\/","og_site_name":"Droit Locatif","article_modified_time":"2020-07-14T23:05:04+00:00","twitter_card":"summary_large_image","twitter_misc":{"Est. reading time":"7 minutes"},"schema":{"@context":"https:\/\/schema.org","@graph":[{"@type":"WebPage","@id":"https:\/\/www.droitlocatif.ca\/en\/video-clips\/","url":"https:\/\/www.droitlocatif.ca\/en\/video-clips\/","name":"Video clips - Droit Locatif","isPartOf":{"@id":"https:\/\/www.droitlocatif.ca\/#website"},"datePublished":"2020-07-14T22:42:38+00:00","dateModified":"2020-07-14T23:05:04+00:00","breadcrumb":{"@id":"https:\/\/www.droitlocatif.ca\/en\/video-clips\/#breadcrumb"},"inLanguage":"en-US","potentialAction":[{"@type":"ReadAction","target":["https:\/\/www.droitlocatif.ca\/en\/video-clips\/"]}]},{"@type":"BreadcrumbList","@id":"https:\/\/www.droitlocatif.ca\/en\/video-clips\/#breadcrumb","itemListElement":[{"@type":"ListItem","position":1,"name":"Accueil","item":"https:\/\/www.droitlocatif.ca\/en\/"},{"@type":"ListItem","position":2,"name":"Video clips"}]},{"@type":"WebSite","@id":"https:\/\/www.droitlocatif.ca\/#website","url":"https:\/\/www.droitlocatif.ca\/","name":"Droit Locatif","description":"Nous pratiquons principalement dans le domaine des relations propri\u00e9taires-locataires et en droit immobilier.","potentialAction":[{"@type":"SearchAction","target":{"@type":"EntryPoint","urlTemplate":"https:\/\/www.droitlocatif.ca\/?s={search_term_string}"},"query-input":"required name=search_term_string"}],"inLanguage":"en-US"}]}},"_links":{"self":[{"href":"https:\/\/www.droitlocatif.ca\/en\/wp-json\/wp\/v2\/pages\/9187"}],"collection":[{"href":"https:\/\/www.droitlocatif.ca\/en\/wp-json\/wp\/v2\/pages"}],"about":[{"href":"https:\/\/www.droitlocatif.ca\/en\/wp-json\/wp\/v2\/types\/page"}],"author":[{"embeddable":true,"href":"https:\/\/www.droitlocatif.ca\/en\/wp-json\/wp\/v2\/users\/1"}],"replies":[{"embeddable":true,"href":"https:\/\/www.droitlocatif.ca\/en\/wp-json\/wp\/v2\/comments?post=9187"}],"version-history":[{"count":3,"href":"https:\/\/www.droitlocatif.ca\/en\/wp-json\/wp\/v2\/pages\/9187\/revisions"}],"predecessor-version":[{"id":9264,"href":"https:\/\/www.droitlocatif.ca\/en\/wp-json\/wp\/v2\/pages\/9187\/revisions\/9264"}],"wp:attachment":[{"href":"https:\/\/www.droitlocatif.ca\/en\/wp-json\/wp\/v2\/media?parent=9187"}],"curies":[{"name":"wp","href":"https:\/\/api.w.org\/{rel}","templated":true}]}}